{"id":2516,"date":"2021-08-05T08:45:56","date_gmt":"2021-08-05T06:45:56","guid":{"rendered":"https:\/\/natimpact.fr\/legal-notice\/"},"modified":"2021-08-05T08:45:56","modified_gmt":"2021-08-05T06:45:56","slug":"legal-notice","status":"publish","type":"page","link":"https:\/\/natimpact.fr\/en\/legal-notice\/","title":{"rendered":"Legal notice"},"content":{"rendered":"<div class=\"wpb-content-wrapper\"><p>[vc_row padding_bottom_multiplier=&#8221;2x&#8221;][vc_column]<h3 class=\"grve-element grve-title grve-align-left grve-h3\" style=\"margin-bottom: 32px;\"><span>Legal notice<\/span><\/h3>[vc_column_text text_style=&#8221;leader-text&#8221;]<strong>Natimpact<br \/>\n<\/strong>S.A.S<br \/>\nSIRET : 84800328100013<br \/>\n5 rue du prieur\u00e9<br \/>\n31000 Toulouse<br \/>\n<a href=\"mailto:contact@natimpact.fr\"><span style=\"text-decoration: underline\">contact@natimpact.fr<\/span><\/a><\/p>\n<p><strong>Web host<\/strong><br \/>\nO2Switch<br \/>\n222 Boulevard Gustave Flaubert<br \/>\n63000 Clermont-Ferrand<\/p>\n<p><strong>Publication manager<\/strong> : Fr\u00e9d\u00e9ric Terrisson<br \/>\n<strong>Logo<\/strong> : Fran\u00e7oise Soto<br \/>\n<strong>Website design<\/strong> : <a href=\"https:\/\/loicthisse.com\" target=\"_blank\" rel=\"noopener noreferrer\"><span style=\"text-decoration: underline\">Lo\u00efc Thisse<\/span><\/a>[\/vc_column_text][\/vc_column][\/vc_row]<\/p>\n<\/div>","protected":false},"excerpt":{"rendered":"<p>[vc_row padding_bottom_multiplier=&#8221;2x&#8221;][vc_column][vc_column_text text_style=&#8221;leader-text&#8221;]Natimpact S.A.S SIRET : 84800328100013 5 rue du prieur\u00e9 31000 Toulouse contact@natimpact.fr Web host O2Switch 222 Boulevard Gustave Flaubert 63000 Clermont-Ferrand Publication manager : Fr\u00e9d\u00e9ric Terrisson Logo : Fran\u00e7oise Soto Website design : Lo\u00efc Thisse[\/vc_column_text][\/vc_column][\/vc_row]<\/p>\n","protected":false},"author":1,"featured_media":0,"parent":0,"menu_order":0,"comment_status":"closed","ping_status":"closed","template":"","meta":{"footnotes":""},"class_list":["post-2516","page","type-page","status-publish","hentry"],"yoast_head":"<!-- This site is optimized with the Yoast SEO plugin v26.9 - https:\/\/yoast.com\/product\/yoast-seo-wordpress\/ -->\n<title>Legal notice - Natimpact<\/title>\n<meta name=\"robots\" content=\"index, follow, max-snippet:-1, max-image-preview:large, max-video-preview:-1\" \/>\n<link rel=\"canonical\" href=\"https:\/\/natimpact.fr\/en\/legal-notice\/\" \/>\n<meta property=\"og:locale\" content=\"en_US\" \/>\n<meta property=\"og:type\" content=\"article\" \/>\n<meta property=\"og:title\" content=\"Legal notice - Natimpact\" \/>\n<meta property=\"og:description\" content=\"[vc_row padding_bottom_multiplier=&#8221;2x&#8221;][vc_column][vc_column_text text_style=&#8221;leader-text&#8221;]Natimpact S.A.S SIRET : 84800328100013 5 rue du prieur\u00e9 31000 Toulouse contact@natimpact.fr Web host O2Switch 222 Boulevard Gustave Flaubert 63000 Clermont-Ferrand Publication manager : Fr\u00e9d\u00e9ric Terrisson Logo : Fran\u00e7oise Soto Website design : Lo\u00efc Thisse[\/vc_column_text][\/vc_column][\/vc_row]\" \/>\n<meta property=\"og:url\" content=\"https:\/\/natimpact.fr\/en\/legal-notice\/\" \/>\n<meta property=\"og:site_name\" content=\"Natimpact\" \/>\n<meta name=\"twitter:card\" content=\"summary_large_image\" \/>\n<script type=\"application\/ld+json\" class=\"yoast-schema-graph\">{\"@context\":\"https:\/\/schema.org\",\"@graph\":[{\"@type\":\"WebPage\",\"@id\":\"https:\/\/natimpact.fr\/en\/legal-notice\/\",\"url\":\"https:\/\/natimpact.fr\/en\/legal-notice\/\",\"name\":\"Legal notice - Natimpact\",\"isPartOf\":{\"@id\":\"https:\/\/natimpact.fr\/en\/#website\"},\"datePublished\":\"2021-08-05T06:45:56+00:00\",\"breadcrumb\":{\"@id\":\"https:\/\/natimpact.fr\/en\/legal-notice\/#breadcrumb\"},\"inLanguage\":\"en-US\",\"potentialAction\":[{\"@type\":\"ReadAction\",\"target\":[\"https:\/\/natimpact.fr\/en\/legal-notice\/\"]}]},{\"@type\":\"BreadcrumbList\",\"@id\":\"https:\/\/natimpact.fr\/en\/legal-notice\/#breadcrumb\",\"itemListElement\":[{\"@type\":\"ListItem\",\"position\":1,\"name\":\"Accueil\",\"item\":\"https:\/\/natimpact.fr\/en\/\"},{\"@type\":\"ListItem\",\"position\":2,\"name\":\"Legal notice\"}]},{\"@type\":\"WebSite\",\"@id\":\"https:\/\/natimpact.fr\/en\/#website\",\"url\":\"https:\/\/natimpact.fr\/en\/\",\"name\":\"Natimpact\",\"description\":\"F\u00e9d\u00e9ration de PME agroalimentaires bio, responsables et durables.\",\"publisher\":{\"@id\":\"https:\/\/natimpact.fr\/en\/#organization\"},\"potentialAction\":[{\"@type\":\"SearchAction\",\"target\":{\"@type\":\"EntryPoint\",\"urlTemplate\":\"https:\/\/natimpact.fr\/en\/?s={search_term_string}\"},\"query-input\":{\"@type\":\"PropertyValueSpecification\",\"valueRequired\":true,\"valueName\":\"search_term_string\"}}],\"inLanguage\":\"en-US\"},{\"@type\":\"Organization\",\"@id\":\"https:\/\/natimpact.fr\/en\/#organization\",\"name\":\"Natimpact\",\"url\":\"https:\/\/natimpact.fr\/en\/\",\"logo\":{\"@type\":\"ImageObject\",\"inLanguage\":\"en-US\",\"@id\":\"https:\/\/natimpact.fr\/en\/#\/schema\/logo\/image\/\",\"url\":\"https:\/\/natimpact.fr\/wp-content\/uploads\/2020\/02\/logo-natimpact-wh200.png\",\"contentUrl\":\"https:\/\/natimpact.fr\/wp-content\/uploads\/2020\/02\/logo-natimpact-wh200.png\",\"width\":300,\"height\":323,\"caption\":\"Natimpact\"},\"image\":{\"@id\":\"https:\/\/natimpact.fr\/en\/#\/schema\/logo\/image\/\"}}]}<\/script>\n<!-- \/ Yoast SEO plugin. -->","yoast_head_json":{"title":"Legal notice - Natimpact","robots":{"index":"index","follow":"follow","max-snippet":"max-snippet:-1","max-image-preview":"max-image-preview:large","max-video-preview":"max-video-preview:-1"},"canonical":"https:\/\/natimpact.fr\/en\/legal-notice\/","og_locale":"en_US","og_type":"article","og_title":"Legal notice - Natimpact","og_description":"[vc_row padding_bottom_multiplier=&#8221;2x&#8221;][vc_column][vc_column_text text_style=&#8221;leader-text&#8221;]Natimpact S.A.S SIRET : 84800328100013 5 rue du prieur\u00e9 31000 Toulouse contact@natimpact.fr Web host O2Switch 222 Boulevard Gustave Flaubert 63000 Clermont-Ferrand Publication manager : Fr\u00e9d\u00e9ric Terrisson Logo : Fran\u00e7oise Soto Website design : Lo\u00efc Thisse[\/vc_column_text][\/vc_column][\/vc_row]","og_url":"https:\/\/natimpact.fr\/en\/legal-notice\/","og_site_name":"Natimpact","twitter_card":"summary_large_image","schema":{"@context":"https:\/\/schema.org","@graph":[{"@type":"WebPage","@id":"https:\/\/natimpact.fr\/en\/legal-notice\/","url":"https:\/\/natimpact.fr\/en\/legal-notice\/","name":"Legal notice - Natimpact","isPartOf":{"@id":"https:\/\/natimpact.fr\/en\/#website"},"datePublished":"2021-08-05T06:45:56+00:00","breadcrumb":{"@id":"https:\/\/natimpact.fr\/en\/legal-notice\/#breadcrumb"},"inLanguage":"en-US","potentialAction":[{"@type":"ReadAction","target":["https:\/\/natimpact.fr\/en\/legal-notice\/"]}]},{"@type":"BreadcrumbList","@id":"https:\/\/natimpact.fr\/en\/legal-notice\/#breadcrumb","itemListElement":[{"@type":"ListItem","position":1,"name":"Accueil","item":"https:\/\/natimpact.fr\/en\/"},{"@type":"ListItem","position":2,"name":"Legal notice"}]},{"@type":"WebSite","@id":"https:\/\/natimpact.fr\/en\/#website","url":"https:\/\/natimpact.fr\/en\/","name":"Natimpact","description":"F\u00e9d\u00e9ration de PME agroalimentaires bio, responsables et durables.","publisher":{"@id":"https:\/\/natimpact.fr\/en\/#organization"},"potentialAction":[{"@type":"SearchAction","target":{"@type":"EntryPoint","urlTemplate":"https:\/\/natimpact.fr\/en\/?s={search_term_string}"},"query-input":{"@type":"PropertyValueSpecification","valueRequired":true,"valueName":"search_term_string"}}],"inLanguage":"en-US"},{"@type":"Organization","@id":"https:\/\/natimpact.fr\/en\/#organization","name":"Natimpact","url":"https:\/\/natimpact.fr\/en\/","logo":{"@type":"ImageObject","inLanguage":"en-US","@id":"https:\/\/natimpact.fr\/en\/#\/schema\/logo\/image\/","url":"https:\/\/natimpact.fr\/wp-content\/uploads\/2020\/02\/logo-natimpact-wh200.png","contentUrl":"https:\/\/natimpact.fr\/wp-content\/uploads\/2020\/02\/logo-natimpact-wh200.png","width":300,"height":323,"caption":"Natimpact"},"image":{"@id":"https:\/\/natimpact.fr\/en\/#\/schema\/logo\/image\/"}}]}},"_links":{"self":[{"href":"https:\/\/natimpact.fr\/en\/wp-json\/wp\/v2\/pages\/2516","targetHints":{"allow":["GET"]}}],"collection":[{"href":"https:\/\/natimpact.fr\/en\/wp-json\/wp\/v2\/pages"}],"about":[{"href":"https:\/\/natimpact.fr\/en\/wp-json\/wp\/v2\/types\/page"}],"author":[{"embeddable":true,"href":"https:\/\/natimpact.fr\/en\/wp-json\/wp\/v2\/users\/1"}],"replies":[{"embeddable":true,"href":"https:\/\/natimpact.fr\/en\/wp-json\/wp\/v2\/comments?post=2516"}],"version-history":[{"count":3,"href":"https:\/\/natimpact.fr\/en\/wp-json\/wp\/v2\/pages\/2516\/revisions"}],"predecessor-version":[{"id":2519,"href":"https:\/\/natimpact.fr\/en\/wp-json\/wp\/v2\/pages\/2516\/revisions\/2519"}],"wp:attachment":[{"href":"https:\/\/natimpact.fr\/en\/wp-json\/wp\/v2\/media?parent=2516"}],"curies":[{"name":"wp","href":"https:\/\/api.w.org\/{rel}","templated":true}]}}