{"id":2496,"date":"2021-08-04T23:26:38","date_gmt":"2021-08-04T21:26:38","guid":{"rendered":"https:\/\/natimpact.fr\/our-team\/"},"modified":"2021-08-18T09:22:03","modified_gmt":"2021-08-18T07:22:03","slug":"our-team","status":"publish","type":"page","link":"https:\/\/natimpact.fr\/en\/our-team\/","title":{"rendered":"Our team"},"content":{"rendered":"<div class=\"wpb-content-wrapper\"><p>[vc_row heading_color=&#8221;light&#8221; bg_type=&#8221;image&#8221; bg_image=&#8221;1165&#8243; color_overlay=&#8221;dark&#8221; opacity_overlay=&#8221;30&#8243; columns_gap=&#8221;none&#8221;][vc_column css=&#8221;.vc_custom_1582240436518{padding-top: 80px !important;padding-right: 12% !important;padding-bottom: 80px !important;padding-left: 12% !important;}&#8221;]<h1 class=\"grve-element grve-title grve-align-center grve-h6 grve-increase-heading grve-heading-120\" style=\"\"><span>The Natimpact team<\/span><\/h1><h3 class=\"grve-element grve-title grve-align-center grve-h1\" style=\"\"><span>Renowned managers in the organic sector.<\/span><\/h3>[\/vc_column][\/vc_row][vc_row padding_top_multiplier=&#8221;3x&#8221;][vc_column width=&#8221;1\/6&#8243;][\/vc_column][vc_column width=&#8221;2\/3&#8243;]<h4 class=\"grve-element grve-title grve-align-center grve-h4\" style=\"\"><span>The Natimpact group was created in February 2019 by Didier Suberbielle on the one hand, and Fr\u00e9d\u00e9ric Gr\u00fcnblatt and Marl\u00e8ne Castan on the other, partners in MCFG Invest, associated with the investment fund Triodos Organic Growth Fund.<span class=\"grve-title-line grve-bg-primary-1\" style=\"width: 50px;height: 2px;\"><\/span><\/span><\/h4>[\/vc_column][vc_column width=&#8221;1\/6&#8243;][\/vc_column][\/vc_row][vc_row padding_top_multiplier=&#8221;2x&#8221; padding_bottom_multiplier=&#8221;2x&#8221; columns_gap=&#8221;60&#8243;][vc_column heading_color=&#8221;primary-1&#8243; css=&#8221;.vc_custom_1582239497027{padding-bottom: 4% !important;}&#8221;]<h3 class=\"grve-element grve-title grve-align-left grve-h2\" style=\"\"><span>3 key players in the organic sector in France&#8230;<\/span><\/h3>[\/vc_column][vc_column width=&#8221;1\/2&#8243;]<div class=\"grve-element grve-image grve-align-center grve-full-image grve-image-space-100\" style=\"margin-bottom: 10px;\">  <div class=\"grve-image-wrapper grve-shadow-small grve-with-shadow\"><img loading=\"lazy\" decoding=\"async\" width=\"1200\" height=\"800\" src=\"https:\/\/natimpact.fr\/wp-content\/uploads\/2020\/02\/equipe-natimpact.jpg\" class=\"attachment-full size-full\" alt=\"portrait des dirigeants de natimpact\" srcset=\"https:\/\/natimpact.fr\/wp-content\/uploads\/2020\/02\/equipe-natimpact.jpg 1200w, https:\/\/natimpact.fr\/wp-content\/uploads\/2020\/02\/equipe-natimpact-300x200.jpg 300w, https:\/\/natimpact.fr\/wp-content\/uploads\/2020\/02\/equipe-natimpact-1024x683.jpg 1024w, https:\/\/natimpact.fr\/wp-content\/uploads\/2020\/02\/equipe-natimpact-768x512.jpg 768w\" sizes=\"auto, (max-width: 1200px) 100vw, 1200px\" \/>   <\/div><\/div><h6 class=\"grve-element grve-title grve-align-left grve-subtitle-text\" style=\"margin-bottom: 40px;\"><span><span style=\"font-size: 10pt;\">From left to right: Fr\u00e9d\u00e9ric Gr\u00fcnblatt, Fr\u00e9d\u00e9ric Terrisson and Didier Suberbielle<\/span><\/span><\/h6>[\/vc_column][vc_column width=&#8221;1\/2&#8243;]<h3 class=\"grve-element grve-title grve-align-left grve-h6\" style=\"margin-bottom: 0px;\"><span>Didier Suberbielle <a href=\"https:\/\/www.linkedin.com\/in\/didier-suberbielle-0237102\/\" target=\"_blank\" rel=\"noopener noreferrer\"><img loading=\"lazy\" decoding=\"async\" class=\"alignright wp-image-2337\" src=\"https:\/\/natimpact.fr\/wp-content\/uploads\/2020\/02\/LinkedIn-Logo-sq.png\" alt=\"\" width=\"20\" height=\"20\"><\/a><\/span><\/h3><h3 class=\"grve-element grve-title grve-align-left grve-subtitle-text\" style=\"margin-bottom: 5px;\"><span><span style=\"font-size: 10pt;\">Chairman, founding partner<\/span><\/span><\/h3>[vc_column_text text_style=&#8221;leader-text&#8221; css=&#8221;.vc_custom_1581077606307{padding-bottom: 10px !important;}&#8221;]Was for 12 years President of the Nutrition &amp; Sant\u00e9 Group, a leading company in organic and health food in France.[\/vc_column_text]<div class=\"grve-empty-space\" style=\"height: 40px;\"><\/div><h3 class=\"grve-element grve-title grve-align-left grve-h6\" style=\"margin-bottom: 0px;\"><span>Fr\u00e9d\u00e9ric Terrisson <a href=\"https:\/\/www.linkedin.com\/in\/fr%C3%A9d%C3%A9ric-terrisson-3b842815b\/\" target=\"_blank\" rel=\"noopener noreferrer\"><img loading=\"lazy\" decoding=\"async\" class=\"alignright wp-image-2337\" src=\"https:\/\/natimpact.fr\/wp-content\/uploads\/2020\/02\/LinkedIn-Logo-sq.png\" alt=\"\" width=\"20\" height=\"20\"><\/a><\/span><\/h3><h3 class=\"grve-element grve-title grve-align-left grve-subtitle-text\" style=\"margin-bottom: 5px;\"><span><span style=\"font-size: 10pt;\">General Manager<\/span><\/span><\/h3>[vc_column_text text_style=&#8221;leader-text&#8221; css=&#8221;.vc_custom_1581077656585{padding-bottom: 10px !important;}&#8221;]Directed the Nutrition &amp; Sant\u00e9 Organic Network entity for 10 years.[\/vc_column_text]<div class=\"grve-empty-space\" style=\"height: 40px;\"><\/div><h3 class=\"grve-element grve-title grve-align-left grve-h6\" style=\"margin-bottom: 0px;\"><span>Fr\u00e9d\u00e9ric Gr\u00fcnblatt<\/span><\/h3><h3 class=\"grve-element grve-title grve-align-left grve-subtitle-text\" style=\"margin-bottom: 5px;\"><span><span style=\"font-size: 10pt;\">Founding partner<\/span><\/span><\/h3>[vc_column_text text_style=&#8221;leader-text&#8221;]Co-founder with Marl\u00e8ne Castan of Vitafrais, the leading distributor of organic products in France.[\/vc_column_text]<div class=\"grve-empty-space grve-height-1x\" style=\"\"><\/div>[\/vc_column][\/vc_row][vc_row padding_bottom_multiplier=&#8221;3x&#8221; columns_gap=&#8221;60&#8243;][vc_column heading_color=&#8221;primary-1&#8243; css=&#8221;.vc_custom_1582239654537{padding-bottom: 4% !important;}&#8221;]<h3 class=\"grve-element grve-title grve-align-left grve-h2\" style=\"\"><span>&#8230; and investors who share our vision and ambitions.<\/span><\/h3>[\/vc_column][vc_column]<div class=\"grve-element grve-image grve-align-left\" style=\"margin-bottom: 20px;\">  <div class=\"grve-image-wrapper\"><img loading=\"lazy\" decoding=\"async\" width=\"300\" height=\"20\" src=\"https:\/\/natimpact.fr\/wp-content\/uploads\/2020\/02\/logo-triodos-investment-management.png\" class=\"attachment-full size-full\" alt=\"logo-triodos-investment-management\" \/>   <\/div><\/div>[vc_column_text text_style=&#8221;leader-text&#8221; css=&#8221;.vc_custom_1583398017798{padding-bottom: 15px !important;}&#8221;]<strong>Founding shareholder<\/strong> &#8211; Triodos Organic Growth Fund (TOGF) is an impact fund investing in European companies that contribute to the transition towards sustainable production and consumption patterns. An evergreen fund with variable capital, TOGF has a diversified portfolio invested in ten companies in five countries.[\/vc_column_text]<div class=\"grve-element grve-align-left\"><a href=\"https:\/\/www.triodos-im.com\" target=\"_blank\" rel=\"noopener noreferrer\" class=\"grve-btn grve-btn-large grve-btn-underline grve-text-primary-1 grve-text-hover-primary-1\"><span>+ triodos-im.com<span class=\"grve-btn-bottom-line grve-bg-primary-1\"><\/span><\/span><\/a><\/div><div class=\"grve-empty-space grve-height-1x\" style=\"\"><\/div>[\/vc_column][vc_column width=&#8221;1\/2&#8243;]<div class=\"grve-element grve-image grve-align-left\" style=\"margin-bottom: 20px;\">  <div class=\"grve-image-wrapper\"><img loading=\"lazy\" decoding=\"async\" width=\"272\" height=\"20\" src=\"https:\/\/natimpact.fr\/wp-content\/uploads\/2020\/02\/logo-charente-expension.jpg\" class=\"attachment-full size-full\" alt=\"logo-charente-expension\" \/>   <\/div><\/div>[vc_column_text text_style=&#8221;leader-text&#8221; css=&#8221;.vc_custom_1581076780586{padding-bottom: 15px !important;}&#8221;]Charente-P\u00e9rigord Expansion (CPE) is the local private equity subsidiary of Cr\u00e9dit Agricole Charente-P\u00e9rigord. CPE supports SMEs with economic activity in the Charente or Dordogne departments in their need to strengthen their equity capital. CPE invests amounts between \u20ac50K and \u20ac1,000K, alone or in co-investment, exclusively as a minority shareholder alongside the managers, and supports the innovation, internal and external growth and transmission or shareholder reclassification phases of companies.[\/vc_column_text]<div class=\"grve-element grve-align-left\"><a href=\"http:\/\/www.charente-perigord-expansion.fr\" target=\"_blank\" rel=\"noopener noreferrer\" class=\"grve-btn grve-btn-large grve-btn-underline grve-text-primary-1 grve-text-hover-primary-1\"><span>+ charente-perigord-expansion.fr<span class=\"grve-btn-bottom-line grve-bg-primary-1\"><\/span><\/span><\/a><\/div><div class=\"grve-empty-space grve-height-1x\" style=\"\"><\/div>[\/vc_column][vc_column width=&#8221;1\/2&#8243;]<div class=\"grve-element grve-image grve-align-left\" style=\"margin-bottom: 20px;\">  <div class=\"grve-image-wrapper\"><img loading=\"lazy\" decoding=\"async\" width=\"230\" height=\"20\" src=\"https:\/\/natimpact.fr\/wp-content\/uploads\/2020\/02\/logo-gso-capital.jpg\" class=\"attachment-full size-full\" alt=\"logo grand sud ouest capital\" \/>   <\/div><\/div>[vc_column_text text_style=&#8221;leader-text&#8221; css=&#8221;.vc_custom_1581077274631{padding-bottom: 15px !important;}&#8221;]Grand Sud-Ouest Capital is a public limited company with a capital of \u20ac43 million based in Bordeaux and owned by five Caisses R\u00e9gionales of Cr\u00e9dit Agricole du Sud-Ouest. This investment fund, which has supported more than 200 local companies over the past 25 years, manages approximately \u20ac100 million for 65 active participations. GSO Capital invests its own funds, in a minority way, in the support of development and transfer projects and is one of the most active investors in the South West of France.[\/vc_column_text]<div class=\"grve-element grve-align-left\"><a href=\"https:\/\/www.gsocapital.com\" target=\"_blank\" rel=\"noopener noreferrer\" class=\"grve-btn grve-btn-large grve-btn-underline grve-text-primary-1 grve-text-hover-primary-1\"><span>+ gsocapital.com<span class=\"grve-btn-bottom-line grve-bg-primary-1\"><\/span><\/span><\/a><\/div><div class=\"grve-empty-space grve-height-1x\" style=\"\"><\/div>[\/vc_column][\/vc_row]<\/p>\n<\/div>","protected":false},"excerpt":{"rendered":"<p>[vc_row heading_color=&#8221;light&#8221; bg_type=&#8221;image&#8221; bg_image=&#8221;1165&#8243; color_overlay=&#8221;dark&#8221; opacity_overlay=&#8221;30&#8243; columns_gap=&#8221;none&#8221;][vc_column css=&#8221;.vc_custom_1582240436518{padding-top: 80px !important;padding-right: 12% !important;padding-bottom: 80px !important;padding-left: 12% !important;}&#8221;][\/vc_column][\/vc_row][vc_row padding_top_multiplier=&#8221;3x&#8221;][vc_column width=&#8221;1\/6&#8243;][\/vc_column][vc_column width=&#8221;2\/3&#8243;][\/vc_column][vc_column width=&#8221;1\/6&#8243;][\/vc_column][\/vc_row][vc_row padding_top_multiplier=&#8221;2x&#8221; padding_bottom_multiplier=&#8221;2x&#8221; columns_gap=&#8221;60&#8243;][vc_column heading_color=&#8221;primary-1&#8243; css=&#8221;.vc_custom_1582239497027{padding-bottom: 4% !important;}&#8221;][\/vc_column][vc_column width=&#8221;1\/2&#8243;][\/vc_column][vc_column width=&#8221;1\/2&#8243;][vc_column_text text_style=&#8221;leader-text&#8221; css=&#8221;.vc_custom_1581077606307{padding-bottom: 10px !important;}&#8221;]Was for 12 years President of the Nutrition &amp; Sant\u00e9 Group, a leading company in organic and health food in France.[\/vc_column_text][vc_column_text text_style=&#8221;leader-text&#8221; css=&#8221;.vc_custom_1581077656585{padding-bottom: [&hellip;]<\/p>\n","protected":false},"author":1,"featured_media":0,"parent":0,"menu_order":0,"comment_status":"closed","ping_status":"closed","template":"","meta":{"footnotes":""},"class_list":["post-2496","page","type-page","status-publish","hentry"],"yoast_head":"<!-- This site is optimized with the Yoast SEO plugin v26.9 - https:\/\/yoast.com\/product\/yoast-seo-wordpress\/ -->\n<title>Our team - Natimpact<\/title>\n<meta name=\"description\" content=\"3 historical players in the organic sector in France and investors who share our vision and our ambitions.\" \/>\n<meta name=\"robots\" content=\"index, follow, max-snippet:-1, max-image-preview:large, max-video-preview:-1\" \/>\n<link rel=\"canonical\" href=\"https:\/\/natimpact.fr\/en\/our-team\/\" \/>\n<meta property=\"og:locale\" content=\"en_US\" \/>\n<meta property=\"og:type\" content=\"article\" \/>\n<meta property=\"og:title\" content=\"Our team - Natimpact\" \/>\n<meta property=\"og:description\" content=\"3 historical players in the organic sector in France and investors who share our vision and our ambitions.\" \/>\n<meta property=\"og:url\" content=\"https:\/\/natimpact.fr\/en\/our-team\/\" \/>\n<meta property=\"og:site_name\" content=\"Natimpact\" \/>\n<meta property=\"article:modified_time\" content=\"2021-08-18T07:22:03+00:00\" \/>\n<meta property=\"og:image\" content=\"https:\/\/natimpact.fr\/wp-content\/uploads\/2020\/02\/LinkedIn-Logo-sq.png\" \/>\n<meta name=\"twitter:card\" content=\"summary_large_image\" \/>\n<meta name=\"twitter:label1\" content=\"Est. reading time\" \/>\n\t<meta name=\"twitter:data1\" content=\"4 minutes\" \/>\n<script type=\"application\/ld+json\" class=\"yoast-schema-graph\">{\"@context\":\"https:\/\/schema.org\",\"@graph\":[{\"@type\":\"WebPage\",\"@id\":\"https:\/\/natimpact.fr\/en\/our-team\/\",\"url\":\"https:\/\/natimpact.fr\/en\/our-team\/\",\"name\":\"Our team - Natimpact\",\"isPartOf\":{\"@id\":\"https:\/\/natimpact.fr\/en\/#website\"},\"primaryImageOfPage\":{\"@id\":\"https:\/\/natimpact.fr\/en\/our-team\/#primaryimage\"},\"image\":{\"@id\":\"https:\/\/natimpact.fr\/en\/our-team\/#primaryimage\"},\"thumbnailUrl\":\"https:\/\/natimpact.fr\/wp-content\/uploads\/2020\/02\/LinkedIn-Logo-sq.png\",\"datePublished\":\"2021-08-04T21:26:38+00:00\",\"dateModified\":\"2021-08-18T07:22:03+00:00\",\"description\":\"3 historical players in the organic sector in France and investors who share our vision and our ambitions.\",\"breadcrumb\":{\"@id\":\"https:\/\/natimpact.fr\/en\/our-team\/#breadcrumb\"},\"inLanguage\":\"en-US\",\"potentialAction\":[{\"@type\":\"ReadAction\",\"target\":[\"https:\/\/natimpact.fr\/en\/our-team\/\"]}]},{\"@type\":\"ImageObject\",\"inLanguage\":\"en-US\",\"@id\":\"https:\/\/natimpact.fr\/en\/our-team\/#primaryimage\",\"url\":\"https:\/\/natimpact.fr\/wp-content\/uploads\/2020\/02\/LinkedIn-Logo-sq.png\",\"contentUrl\":\"https:\/\/natimpact.fr\/wp-content\/uploads\/2020\/02\/LinkedIn-Logo-sq.png\"},{\"@type\":\"BreadcrumbList\",\"@id\":\"https:\/\/natimpact.fr\/en\/our-team\/#breadcrumb\",\"itemListElement\":[{\"@type\":\"ListItem\",\"position\":1,\"name\":\"Accueil\",\"item\":\"https:\/\/natimpact.fr\/en\/\"},{\"@type\":\"ListItem\",\"position\":2,\"name\":\"Our team\"}]},{\"@type\":\"WebSite\",\"@id\":\"https:\/\/natimpact.fr\/en\/#website\",\"url\":\"https:\/\/natimpact.fr\/en\/\",\"name\":\"Natimpact\",\"description\":\"F\u00e9d\u00e9ration de PME agroalimentaires bio, responsables et durables.\",\"publisher\":{\"@id\":\"https:\/\/natimpact.fr\/en\/#organization\"},\"potentialAction\":[{\"@type\":\"SearchAction\",\"target\":{\"@type\":\"EntryPoint\",\"urlTemplate\":\"https:\/\/natimpact.fr\/en\/?s={search_term_string}\"},\"query-input\":{\"@type\":\"PropertyValueSpecification\",\"valueRequired\":true,\"valueName\":\"search_term_string\"}}],\"inLanguage\":\"en-US\"},{\"@type\":\"Organization\",\"@id\":\"https:\/\/natimpact.fr\/en\/#organization\",\"name\":\"Natimpact\",\"url\":\"https:\/\/natimpact.fr\/en\/\",\"logo\":{\"@type\":\"ImageObject\",\"inLanguage\":\"en-US\",\"@id\":\"https:\/\/natimpact.fr\/en\/#\/schema\/logo\/image\/\",\"url\":\"https:\/\/natimpact.fr\/wp-content\/uploads\/2020\/02\/logo-natimpact-wh200.png\",\"contentUrl\":\"https:\/\/natimpact.fr\/wp-content\/uploads\/2020\/02\/logo-natimpact-wh200.png\",\"width\":300,\"height\":323,\"caption\":\"Natimpact\"},\"image\":{\"@id\":\"https:\/\/natimpact.fr\/en\/#\/schema\/logo\/image\/\"}}]}<\/script>\n<!-- \/ Yoast SEO plugin. -->","yoast_head_json":{"title":"Our team - Natimpact","description":"3 historical players in the organic sector in France and investors who share our vision and our ambitions.","robots":{"index":"index","follow":"follow","max-snippet":"max-snippet:-1","max-image-preview":"max-image-preview:large","max-video-preview":"max-video-preview:-1"},"canonical":"https:\/\/natimpact.fr\/en\/our-team\/","og_locale":"en_US","og_type":"article","og_title":"Our team - Natimpact","og_description":"3 historical players in the organic sector in France and investors who share our vision and our ambitions.","og_url":"https:\/\/natimpact.fr\/en\/our-team\/","og_site_name":"Natimpact","article_modified_time":"2021-08-18T07:22:03+00:00","og_image":[{"url":"https:\/\/natimpact.fr\/wp-content\/uploads\/2020\/02\/LinkedIn-Logo-sq.png","type":"","width":"","height":""}],"twitter_card":"summary_large_image","twitter_misc":{"Est. reading time":"4 minutes"},"schema":{"@context":"https:\/\/schema.org","@graph":[{"@type":"WebPage","@id":"https:\/\/natimpact.fr\/en\/our-team\/","url":"https:\/\/natimpact.fr\/en\/our-team\/","name":"Our team - Natimpact","isPartOf":{"@id":"https:\/\/natimpact.fr\/en\/#website"},"primaryImageOfPage":{"@id":"https:\/\/natimpact.fr\/en\/our-team\/#primaryimage"},"image":{"@id":"https:\/\/natimpact.fr\/en\/our-team\/#primaryimage"},"thumbnailUrl":"https:\/\/natimpact.fr\/wp-content\/uploads\/2020\/02\/LinkedIn-Logo-sq.png","datePublished":"2021-08-04T21:26:38+00:00","dateModified":"2021-08-18T07:22:03+00:00","description":"3 historical players in the organic sector in France and investors who share our vision and our ambitions.","breadcrumb":{"@id":"https:\/\/natimpact.fr\/en\/our-team\/#breadcrumb"},"inLanguage":"en-US","potentialAction":[{"@type":"ReadAction","target":["https:\/\/natimpact.fr\/en\/our-team\/"]}]},{"@type":"ImageObject","inLanguage":"en-US","@id":"https:\/\/natimpact.fr\/en\/our-team\/#primaryimage","url":"https:\/\/natimpact.fr\/wp-content\/uploads\/2020\/02\/LinkedIn-Logo-sq.png","contentUrl":"https:\/\/natimpact.fr\/wp-content\/uploads\/2020\/02\/LinkedIn-Logo-sq.png"},{"@type":"BreadcrumbList","@id":"https:\/\/natimpact.fr\/en\/our-team\/#breadcrumb","itemListElement":[{"@type":"ListItem","position":1,"name":"Accueil","item":"https:\/\/natimpact.fr\/en\/"},{"@type":"ListItem","position":2,"name":"Our team"}]},{"@type":"WebSite","@id":"https:\/\/natimpact.fr\/en\/#website","url":"https:\/\/natimpact.fr\/en\/","name":"Natimpact","description":"F\u00e9d\u00e9ration de PME agroalimentaires bio, responsables et durables.","publisher":{"@id":"https:\/\/natimpact.fr\/en\/#organization"},"potentialAction":[{"@type":"SearchAction","target":{"@type":"EntryPoint","urlTemplate":"https:\/\/natimpact.fr\/en\/?s={search_term_string}"},"query-input":{"@type":"PropertyValueSpecification","valueRequired":true,"valueName":"search_term_string"}}],"inLanguage":"en-US"},{"@type":"Organization","@id":"https:\/\/natimpact.fr\/en\/#organization","name":"Natimpact","url":"https:\/\/natimpact.fr\/en\/","logo":{"@type":"ImageObject","inLanguage":"en-US","@id":"https:\/\/natimpact.fr\/en\/#\/schema\/logo\/image\/","url":"https:\/\/natimpact.fr\/wp-content\/uploads\/2020\/02\/logo-natimpact-wh200.png","contentUrl":"https:\/\/natimpact.fr\/wp-content\/uploads\/2020\/02\/logo-natimpact-wh200.png","width":300,"height":323,"caption":"Natimpact"},"image":{"@id":"https:\/\/natimpact.fr\/en\/#\/schema\/logo\/image\/"}}]}},"_links":{"self":[{"href":"https:\/\/natimpact.fr\/en\/wp-json\/wp\/v2\/pages\/2496","targetHints":{"allow":["GET"]}}],"collection":[{"href":"https:\/\/natimpact.fr\/en\/wp-json\/wp\/v2\/pages"}],"about":[{"href":"https:\/\/natimpact.fr\/en\/wp-json\/wp\/v2\/types\/page"}],"author":[{"embeddable":true,"href":"https:\/\/natimpact.fr\/en\/wp-json\/wp\/v2\/users\/1"}],"replies":[{"embeddable":true,"href":"https:\/\/natimpact.fr\/en\/wp-json\/wp\/v2\/comments?post=2496"}],"version-history":[{"count":11,"href":"https:\/\/natimpact.fr\/en\/wp-json\/wp\/v2\/pages\/2496\/revisions"}],"predecessor-version":[{"id":2585,"href":"https:\/\/natimpact.fr\/en\/wp-json\/wp\/v2\/pages\/2496\/revisions\/2585"}],"wp:attachment":[{"href":"https:\/\/natimpact.fr\/en\/wp-json\/wp\/v2\/media?parent=2496"}],"curies":[{"name":"wp","href":"https:\/\/api.w.org\/{rel}","templated":true}]}}